{"id":4,"date":"2008-04-21T19:11:16","date_gmt":"2008-04-21T17:11:16","guid":{"rendered":"http:\/\/dorisvonstokar.ch\/site\/?page_id=4"},"modified":"2024-08-18T12:37:07","modified_gmt":"2024-08-18T10:37:07","slug":"biographie","status":"publish","type":"page","link":"https:\/\/www.dorisvonstokar.ch\/site\/biographie\/","title":{"rendered":"Biographie"},"content":{"rendered":"<p><a href=\"https:\/\/www.dorisvonstokar.ch\/site\/wp-content\/uploads\/IMG_1206-Portrait-doris4.jpg\"><img loading=\"lazy\" decoding=\"async\" class=\"alignnone size-full wp-image-154\" title=\"IMG_1206 Portrait doris\" src=\"https:\/\/www.dorisvonstokar.ch\/site\/wp-content\/uploads\/IMG_1206-Portrait-doris4.jpg\" alt=\"\" width=\"292\" height=\"300\"><\/a><\/p>\n<p>&nbsp;<\/p>\n<p><strong>&nbsp;<\/strong><\/p>\n<p><strong>Vita Doris von Stokar-Balmer<\/strong><\/p>\n<p>30.10.1962 geboren in Z\u00fcrich<br \/>\n1983 eidg. Matura<br \/>\n1986 Diplom Primarlehrerin<br \/>\n1986-89 Kunstausbildung an der F&amp;F, Schule f\u00fcr Kunst u. Mediendesign, Z\u00fcrich<br \/>\nab 1989 freies k\u00fcnstlerisches Arbeiten mit Schwergewicht auf Zeichnung.<br \/>\nKunstp\u00e4dagogische Arbeit an div. Schulen und am Kunsthaus Z\u00fcrich<\/p>\n<p><strong>F\u00f6rderungen\/Ank\u00e4ufe<\/strong><\/p>\n<p>Werkpreis&nbsp;2020 Esther Matossi-Stiftung Z\u00fcrich<br \/>\nStiftung zur F\u00f6rderung des Kunstschaffens in der Schweiz<br \/>\nAnk\u00e4ufe des Kantons Schaffhausen 2020<br \/>\nPublikationsbeitr\u00e4ge des Kantons Z\u00fcrich, 2012<br \/>\nAnk\u00e4ufe des Kantons Z\u00fcrich 1990, 2009<br \/>\nNominierung Werkbeitr\u00e4ge der Stadt Z\u00fcrich, 2009<br \/>\nWerkbeitr\u00e4ge des Kantons Z\u00fcrich, 1990<br \/>\nAnk\u00e4ufe SNB, Schweizerische Nationalbank 2017<br \/>\nKunstsammlung Elisabeth und Peter Bosshard, Rapperswil,<\/p>\n<p><strong>Einzelausstellungen\/ Publikationen<\/strong><\/p>\n<p>2023&nbsp; <strong>survive<\/strong>, Zeichnungsinastallation, Kabinett Visarte Z\u00fcrich<\/p>\n<p>2017&nbsp;&nbsp;<strong>in between,<\/strong> Drawing Part 2&nbsp; Doris von Stokar, Lokal 14, Z\u00fcrich mit Denise Kobler<\/p>\n<p>2015&nbsp;&nbsp;<strong>no longer, not yet,<\/strong> Galerie artproject Staffelbach, Z\u00fcrich mit Vinzent Kriste<\/p>\n<p>2013&nbsp;&nbsp;<strong>autumn anemones<\/strong>, graphit drawings,&nbsp;Galerie sam scherrer contemporary, Z\u00fcrich, Katalog<\/p>\n<p>2012 Publikation&nbsp;&nbsp;<strong>Seismographische Spurensuche im Graphitstaub<\/strong><br \/>\nZeichnungen von Doris von Stokar, Text: Sabine Arlitt, punkt.um Verlag, Schaffhausen,<br \/>\nISBN 978-3-9523838-1-0<\/p>\n<p>2009&nbsp;&nbsp;<strong>Nachtlichter<\/strong>, Galerie Hufschmid Staffelbach, Z\u00fcrich.<\/p>\n<p>2007&nbsp;&nbsp;<strong>Falterfieber<\/strong>, Galerie Esther Hufschmid, Z\u00fcrich.<\/p>\n<p>2005&nbsp;&nbsp;<strong>Pollenflug<\/strong>, Galerie J\u00f6rg Stummer, Z\u00fcrich.<\/p>\n<p>2002&nbsp;&nbsp;<strong>S\u00fcssdolde<\/strong>, Galerie J\u00f6rg Stummer, Z\u00fcrich.<\/p>\n<p>1998&nbsp;&nbsp;<strong>Brustbl\u00e4tter<\/strong>&nbsp;II, Galerie Priska Meier, Zell, Luzern.<\/p>\n<p>1995&nbsp;&nbsp;<strong>Brustbl\u00e4tter<\/strong>, St\u00e4dtische Galerie im Amtshimmel, Baden.<\/p>\n<p>1993&nbsp; <strong>ringelringelreie<\/strong>, Galerie Bild Raum, Z\u00fcrich.<\/p>\n<p>1991&nbsp;&nbsp;<strong>K\u00e4fer<\/strong>, Galerie West, Z\u00fcrich.<\/p>\n<p>1989&nbsp;&nbsp;<strong>Geistige Braut<\/strong>, Performance, Galerie Lydia Megert, Bern (STOP.P.T- Projekt), Katalog<\/p>\n<p><strong>Gruppenausstellungen (Auswahl)<\/strong><\/p>\n<p>2024 EINSICHTEN 2024, Visarte Z\u00fcrich, Kupper Modern, Z\u00fcrich<br \/>\n2023\/24 Mein Garten, Sammlungsausstellung, Kunst(Zeug)Haus, Rapperswil<\/p>\n<p>2023 EINSICHTEN 2023, Visarte Z\u00fcrich, Photobastei, Z\u00fcrich<br \/>\n2023 Spektrum Nr 4\u00b0, nanon, Raum f\u00fcr Kunst, Z\u00fcrich<\/p>\n<p>2022 farewell &#8211; welcome, Lokal 14 im Chateau Hornegg au Lac, Z\u00fcrich<br \/>\n2022 Best of Visarte, Photobastei, Z\u00fcrich<\/p>\n<p>2020\/21 ERNTE 20, Museum zu Allerheiligen, Schaffhausen, Ank\u00e4ufe des Kantons Schaffhausen, Katalog<br \/>\n2021 FatArt, Kunstmesse, Kammgarn West, Schaffhausen, Katalog<\/p>\n<p>2019 Utopia Garden, &#8222;night-blooming&#8220;, IG Halle im Kunst(Zeug)haus, Rapperswil<br \/>\n2019 Intimit\u00e9 Collective, St\u00e4fa, enroute susanna r\u00fcegg,<\/p>\n<p>2018 Alphabet der Sammlung, Kunst(Zeug)Haus, Rapperswil, (unter P, wie Peter Bosshards choice)<br \/>\n2018 Exposition XXL und XS, KunstRaum R57.<\/p>\n<p>2017 von Anselm bis Zilla, Einblicke in die Sammlung P&amp;E Bosshard, Kunst(Zeug)Haus, Rapperswil, Katalog<br \/>\n2017 best of visarte z\u00fcrich, untertage, Waldhaus Z\u00fcrich<\/p>\n<p>2016 40 Jahre Art Project Staffelbach,&nbsp;Kunstsammlung A&amp;M R\u00fcegg, Z\u00fcrich<br \/>\n2016 TransForm Friesenberg, 13 K\u00fcnstlerinnen, Katalog<\/p>\n<p>2015 Schweizer K\u00fcnstler und K\u00fcnstlerinnen, Sammlung Galerie Priska Meier, Kornsch\u00fctte Luzern<\/p>\n<p>2014 Kunst 14 Z\u00fcrich, Internationale Messe f\u00fcr Gegenwartskunst, Z\u00fcrich-Oerlikon<br \/>\n2014 TransForm Friesenberg<\/p>\n<p>2013 Kunst 13 Z\u00fcrich, Internationale Messe f\u00fcr Gegenwartkunst, Z\u00fcrich-Oerlikon<br \/>\n2013 &#8222;Behaglich ist anderswo&#8220;, Werke aus der Sammlung P. Bosshard, Kunst(Zeug)Haus, Rapperswil<\/p>\n<p>2013&nbsp;&#8222;Best of&nbsp; Visarte &#8222;, Z\u00fcrich<\/p>\n<p>2012 &#8222;Springende Lachse&#8220;, Arbeiten auf Papier aus der Sammlung P. Bosshard, Kunst(Zeug)Haus, Rapperswil<br \/>\n2012 artune, architecture &amp; art, art project Elisabeth Staffelbach, Frick<\/p>\n<p>2011 &#8222;Der letzte Akt II&#8220;,&nbsp;Galerie HufschmidStaffelbach, Z\u00fcrich<br \/>\n2011 &#8222;black&nbsp;and white&#8220;, Galerie Fronwagplatz,&nbsp;Schaffhausen<\/p>\n<p>2010 &#8222;Catch of the Year 2&#8220;, Dienstgeb\u00e4ude, Z\u00fcrich<br \/>\n2010&nbsp; K\u00fcnstlerinnen der Galerie HufschmidStaffelbach, Z\u00fcrich<\/p>\n<p>2009&nbsp;Werk-und Atelierstipendien der Stadt Z\u00fcrich 2009,&nbsp;Helmhaus, Z\u00fcrich<br \/>\n2009&nbsp; ERNTE 09, Museum zu Allerheiligen, Schaffhausen<\/p>\n<p>2007&nbsp; ERNTE 07, Museum zu Allerheiligen, Schaffhausen<\/p>\n<p>2006 &#8222;Die Letzte&#8220;, Galerie J\u00f6rg Stummer, Z\u00fcrich.<\/p>\n<p>2005&nbsp; ERNTE 05, Museum zu Allerheiligen, Schaffhausen<br \/>\n2005&nbsp; Visarte, Metropol, Z\u00fcrich, Katalog<\/p>\n<p>2003&nbsp; ERNTE 03, Museum zu Allerheiligen, Schaffhausen<\/p>\n<p>2000\/01 &#8222;Accrochage&#8220;, Galerie Priska Meier, Zell, Luzern.<\/p>\n<p>1993 &#8222;Blumenr\u00e4ume&#8220;, Galerie Bildraum, Z\u00fcrich<\/p>\n<p>1992 &#8222;Die vier Baben&#8220;, Installation, Kunstszene 91\/92, Z\u00fcrich.<\/p>\n<p>1990 Kunstszene 90, &#8222;Salon&#8220;, Shedhalle Z\u00fcrich, Katalog<\/p>\n<p>Doris von Stokar, Pappelstrasse 12, 8055 Z\u00fcrich, Tel.++41(0)44 451 08 18<br \/>\nAtelier: Friesenberghalde 10, 8055 Z\u00fcrich<br \/>\n<a href=\"mailto:stokar@dorisvonstokar.ch\">stokar@dorisvonstokar.ch<\/a><\/p>\n","protected":false},"excerpt":{"rendered":"<p>&nbsp; &nbsp; Vita Doris von Stokar-Balmer 30.10.1962 geboren in Z\u00fcrich 1983 eidg. Matura 1986 Diplom Primarlehrerin 1986-89 Kunstausbildung an der F&amp;F, Schule f\u00fcr Kunst u. Mediendesign, Z\u00fcrich ab 1989 freies k\u00fcnstlerisches Arbeiten mit Schwergewicht auf Zeichnung. Kunstp\u00e4dagogische Arbeit an div. Schulen und am Kunsthaus Z\u00fcrich F\u00f6rderungen\/Ank\u00e4ufe Werkpreis&nbsp;2020 Esther Matossi-Stiftung Z\u00fcrich Stiftung zur F\u00f6rderung des Kunstschaffens [&hellip;]<\/p>\n","protected":false},"author":1,"featured_media":0,"parent":0,"menu_order":2,"comment_status":"closed","ping_status":"closed","template":"","meta":{"ngg_post_thumbnail":0,"footnotes":""},"class_list":["post-4","page","type-page","status-publish","hentry"],"_links":{"self":[{"href":"https:\/\/www.dorisvonstokar.ch\/site\/wp-json\/wp\/v2\/pages\/4","targetHints":{"allow":["GET"]}}],"collection":[{"href":"https:\/\/www.dorisvonstokar.ch\/site\/wp-json\/wp\/v2\/pages"}],"about":[{"href":"https:\/\/www.dorisvonstokar.ch\/site\/wp-json\/wp\/v2\/types\/page"}],"author":[{"embeddable":true,"href":"https:\/\/www.dorisvonstokar.ch\/site\/wp-json\/wp\/v2\/users\/1"}],"replies":[{"embeddable":true,"href":"https:\/\/www.dorisvonstokar.ch\/site\/wp-json\/wp\/v2\/comments?post=4"}],"version-history":[{"count":0,"href":"https:\/\/www.dorisvonstokar.ch\/site\/wp-json\/wp\/v2\/pages\/4\/revisions"}],"wp:attachment":[{"href":"https:\/\/www.dorisvonstokar.ch\/site\/wp-json\/wp\/v2\/media?parent=4"}],"curies":[{"name":"wp","href":"https:\/\/api.w.org\/{rel}","templated":true}]}}